{"id":2247,"date":"2018-09-03T10:17:25","date_gmt":"2018-09-03T10:17:25","guid":{"rendered":"http:\/\/www.ttseko.cz\/kontakty\/"},"modified":"2018-10-15T05:57:01","modified_gmt":"2018-10-15T05:57:01","slug":"kontakty","status":"publish","type":"page","link":"https:\/\/www.ttseko.cz\/ru\/kontakty\/","title":{"rendered":"\u043a\u043e\u043d\u0442\u0430\u043a\u0442\u044b"},"content":{"rendered":"","protected":false},"excerpt":{"rendered":"","protected":false},"author":1,"featured_media":0,"parent":0,"menu_order":8,"comment_status":"closed","ping_status":"closed","template":"","meta":[],"yoast_head":"<!-- This site is optimized with the Yoast SEO plugin v15.7 - https:\/\/yoast.com\/wordpress\/plugins\/seo\/ -->\n<title>\u043a\u043e\u043d\u0442\u0430\u043a\u0442\u044b &bull; TTS Boilers - Energie z biomasy, v\u00fdroba kotl\u016f pro tepl\u00e1rny<\/title>\n<meta name=\"robots\" content=\"index, follow, max-snippet:-1, max-image-preview:large, max-video-preview:-1\" \/>\n<link rel=\"canonical\" href=\"https:\/\/www.ttseko.cz\/ru\/kontakty\/\" \/>\n<meta property=\"og:locale\" content=\"ru_RU\" \/>\n<meta property=\"og:type\" content=\"article\" \/>\n<meta property=\"og:title\" content=\"\u043a\u043e\u043d\u0442\u0430\u043a\u0442\u044b &bull; TTS Boilers - Energie z biomasy, v\u00fdroba kotl\u016f pro tepl\u00e1rny\" \/>\n<meta property=\"og:url\" content=\"https:\/\/www.ttseko.cz\/ru\/kontakty\/\" \/>\n<meta property=\"og:site_name\" content=\"TTS Boilers - Energie z biomasy, v\u00fdroba kotl\u016f pro tepl\u00e1rny\" \/>\n<meta property=\"article:modified_time\" content=\"2018-10-15T05:57:01+00:00\" \/>\n<meta name=\"twitter:card\" content=\"summary_large_image\" \/>\n<script type=\"application\/ld+json\" class=\"yoast-schema-graph\">{\"@context\":\"https:\/\/schema.org\",\"@graph\":[{\"@type\":\"WebSite\",\"@id\":\"https:\/\/www.ttseko.cz\/#website\",\"url\":\"https:\/\/www.ttseko.cz\/\",\"name\":\"TTS Boilers - Energie z biomasy, v\\u00fdroba kotl\\u016f pro tepl\\u00e1rny\",\"description\":\"Just another WordPress site\",\"potentialAction\":[{\"@type\":\"SearchAction\",\"target\":\"https:\/\/www.ttseko.cz\/?s={search_term_string}\",\"query-input\":\"required name=search_term_string\"}],\"inLanguage\":\"ru-RU\"},{\"@type\":\"WebPage\",\"@id\":\"https:\/\/www.ttseko.cz\/ru\/kontakty\/#webpage\",\"url\":\"https:\/\/www.ttseko.cz\/ru\/kontakty\/\",\"name\":\"\\u043a\\u043e\\u043d\\u0442\\u0430\\u043a\\u0442\\u044b &bull; TTS Boilers - Energie z biomasy, v\\u00fdroba kotl\\u016f pro tepl\\u00e1rny\",\"isPartOf\":{\"@id\":\"https:\/\/www.ttseko.cz\/#website\"},\"datePublished\":\"2018-09-03T10:17:25+00:00\",\"dateModified\":\"2018-10-15T05:57:01+00:00\",\"inLanguage\":\"ru-RU\",\"potentialAction\":[{\"@type\":\"ReadAction\",\"target\":[\"https:\/\/www.ttseko.cz\/ru\/kontakty\/\"]}]}]}<\/script>\n<!-- \/ Yoast SEO plugin. -->","_links":{"self":[{"href":"https:\/\/www.ttseko.cz\/ru\/wp-json\/wp\/v2\/pages\/2247\/"}],"collection":[{"href":"https:\/\/www.ttseko.cz\/ru\/wp-json\/wp\/v2\/pages\/"}],"about":[{"href":"https:\/\/www.ttseko.cz\/ru\/wp-json\/wp\/v2\/types\/page\/"}],"author":[{"embeddable":true,"href":"https:\/\/www.ttseko.cz\/ru\/wp-json\/wp\/v2\/users\/1\/"}],"replies":[{"embeddable":true,"href":"https:\/\/www.ttseko.cz\/ru\/wp-json\/wp\/v2\/comments\/?post=2247"}],"version-history":[{"count":1,"href":"https:\/\/www.ttseko.cz\/ru\/wp-json\/wp\/v2\/pages\/2247\/revisions\/"}],"predecessor-version":[{"id":2798,"href":"https:\/\/www.ttseko.cz\/ru\/wp-json\/wp\/v2\/pages\/2247\/revisions\/2798\/"}],"wp:attachment":[{"href":"https:\/\/www.ttseko.cz\/ru\/wp-json\/wp\/v2\/media\/?parent=2247"}],"curies":[{"name":"wp","href":"https:\/\/api.w.org\/{rel}","templated":true}]}}