{"id":2251,"date":"2018-09-04T06:19:32","date_gmt":"2018-09-04T06:19:32","guid":{"rendered":"http:\/\/www.ttseko.cz\/nase-reference\/"},"modified":"2018-10-29T06:21:49","modified_gmt":"2018-10-29T06:21:49","slug":"nase-reference","status":"publish","type":"page","link":"https:\/\/www.ttseko.cz\/ru\/nase-reference\/","title":{"rendered":"\u0420\u0415\u0424\u0415\u0420\u0415\u041d\u0426\u0418\u0415"},"content":{"rendered":"","protected":false},"excerpt":{"rendered":"","protected":false},"author":1,"featured_media":0,"parent":0,"menu_order":6,"comment_status":"closed","ping_status":"closed","template":"","meta":[],"yoast_head":"<!-- This site is optimized with the Yoast SEO plugin v15.7 - https:\/\/yoast.com\/wordpress\/plugins\/seo\/ -->\n<title>\u0420\u0415\u0424\u0415\u0420\u0415\u041d\u0426\u0418\u0415 &bull; TTS Boilers - Energie z biomasy, v\u00fdroba kotl\u016f pro tepl\u00e1rny<\/title>\n<meta name=\"robots\" content=\"index, follow, max-snippet:-1, max-image-preview:large, max-video-preview:-1\" \/>\n<link rel=\"canonical\" href=\"https:\/\/www.ttseko.cz\/ru\/nase-reference\/\" \/>\n<meta property=\"og:locale\" content=\"ru_RU\" \/>\n<meta property=\"og:type\" content=\"article\" \/>\n<meta property=\"og:title\" content=\"\u0420\u0415\u0424\u0415\u0420\u0415\u041d\u0426\u0418\u0415 &bull; TTS Boilers - Energie z biomasy, v\u00fdroba kotl\u016f pro tepl\u00e1rny\" \/>\n<meta property=\"og:url\" content=\"https:\/\/www.ttseko.cz\/ru\/nase-reference\/\" \/>\n<meta property=\"og:site_name\" content=\"TTS Boilers - Energie z biomasy, v\u00fdroba kotl\u016f pro tepl\u00e1rny\" \/>\n<meta property=\"article:modified_time\" content=\"2018-10-29T06:21:49+00:00\" \/>\n<meta name=\"twitter:card\" content=\"summary_large_image\" \/>\n<script type=\"application\/ld+json\" class=\"yoast-schema-graph\">{\"@context\":\"https:\/\/schema.org\",\"@graph\":[{\"@type\":\"WebSite\",\"@id\":\"https:\/\/www.ttseko.cz\/#website\",\"url\":\"https:\/\/www.ttseko.cz\/\",\"name\":\"TTS Boilers - Energie z biomasy, v\\u00fdroba kotl\\u016f pro tepl\\u00e1rny\",\"description\":\"Just another WordPress site\",\"potentialAction\":[{\"@type\":\"SearchAction\",\"target\":\"https:\/\/www.ttseko.cz\/?s={search_term_string}\",\"query-input\":\"required name=search_term_string\"}],\"inLanguage\":\"ru-RU\"},{\"@type\":\"WebPage\",\"@id\":\"https:\/\/www.ttseko.cz\/ru\/nase-reference\/#webpage\",\"url\":\"https:\/\/www.ttseko.cz\/ru\/nase-reference\/\",\"name\":\"\\u0420\\u0415\\u0424\\u0415\\u0420\\u0415\\u041d\\u0426\\u0418\\u0415 &bull; TTS Boilers - Energie z biomasy, v\\u00fdroba kotl\\u016f pro tepl\\u00e1rny\",\"isPartOf\":{\"@id\":\"https:\/\/www.ttseko.cz\/#website\"},\"datePublished\":\"2018-09-04T06:19:32+00:00\",\"dateModified\":\"2018-10-29T06:21:49+00:00\",\"inLanguage\":\"ru-RU\",\"potentialAction\":[{\"@type\":\"ReadAction\",\"target\":[\"https:\/\/www.ttseko.cz\/ru\/nase-reference\/\"]}]}]}<\/script>\n<!-- \/ Yoast SEO plugin. -->","_links":{"self":[{"href":"https:\/\/www.ttseko.cz\/ru\/wp-json\/wp\/v2\/pages\/2251\/"}],"collection":[{"href":"https:\/\/www.ttseko.cz\/ru\/wp-json\/wp\/v2\/pages\/"}],"about":[{"href":"https:\/\/www.ttseko.cz\/ru\/wp-json\/wp\/v2\/types\/page\/"}],"author":[{"embeddable":true,"href":"https:\/\/www.ttseko.cz\/ru\/wp-json\/wp\/v2\/users\/1\/"}],"replies":[{"embeddable":true,"href":"https:\/\/www.ttseko.cz\/ru\/wp-json\/wp\/v2\/comments\/?post=2251"}],"version-history":[{"count":2,"href":"https:\/\/www.ttseko.cz\/ru\/wp-json\/wp\/v2\/pages\/2251\/revisions\/"}],"predecessor-version":[{"id":3059,"href":"https:\/\/www.ttseko.cz\/ru\/wp-json\/wp\/v2\/pages\/2251\/revisions\/3059\/"}],"wp:attachment":[{"href":"https:\/\/www.ttseko.cz\/ru\/wp-json\/wp\/v2\/media\/?parent=2251"}],"curies":[{"name":"wp","href":"https:\/\/api.w.org\/{rel}","templated":true}]}}